{"id":61,"date":"2020-10-20T16:05:54","date_gmt":"2020-10-20T14:05:54","guid":{"rendered":"http:\/\/www.crislermusic.com\/?page_id=61"},"modified":"2024-03-19T12:46:29","modified_gmt":"2024-03-19T11:46:29","slug":"news","status":"publish","type":"page","link":"https:\/\/www.crislermusic.com\/index.php\/news\/","title":{"rendered":"NEWS"},"content":{"rendered":"\n\n\t<strong>&#8220;L&#8217;isola del perdono&#8221;<br \/>\nfilm presentato\u00a0alla\u00a0<\/strong><strong>44ma edizione del Cairo International Film Festival 2022<\/strong>\n\t\t\t\t<a href=\"https:\/\/www.crislermusic.com\/wp-content\/uploads\/2022\/11\/Cartelletta-Interno-scaled.jpg\" target=\"_self\" itemprop=\"url\" rel=\"noopener\">\n\t\t\t\t<img loading=\"lazy\" decoding=\"async\" src=\"https:\/\/www.crislermusic.com\/wp-content\/uploads\/2022\/11\/Cartelletta-Interno-scaled.jpg\" alt=\"Cartelletta Interno\" itemprop=\"image\" height=\"1821\" width=\"2560\" title=\"Cartelletta Interno\" onerror=\"this.style.display='none'\"  \/>\n\t\t\t\t<\/a>\n\t\t\t\t<a href=\"https:\/\/www.crislermusic.com\/wp-content\/uploads\/2022\/11\/IMG-20221119-WA0010.jpg\" target=\"_self\" itemprop=\"url\" rel=\"noopener\">\n\t\t\t\t<img loading=\"lazy\" decoding=\"async\" src=\"https:\/\/www.crislermusic.com\/wp-content\/uploads\/2022\/11\/IMG-20221119-WA0010.jpg\" alt=\"IMG-20221119-WA0010\" itemprop=\"image\" height=\"1536\" width=\"2048\" title=\"IMG-20221119-WA0010\" onerror=\"this.style.display='none'\"  \/>\n\t\t\t\t<\/a>\n\t\t\t\t<a href=\"https:\/\/www.crislermusic.com\/wp-content\/uploads\/2022\/11\/IMG-20221119-WA0014.jpg\" target=\"_self\" itemprop=\"url\" rel=\"noopener\">\n\t\t\t\t<img loading=\"lazy\" decoding=\"async\" src=\"https:\/\/www.crislermusic.com\/wp-content\/uploads\/2022\/11\/IMG-20221119-WA0014.jpg\" alt=\"IMG-20221119-WA0014\" itemprop=\"image\" height=\"1536\" width=\"2048\" title=\"IMG-20221119-WA0014\" onerror=\"this.style.display='none'\"  \/>\n\t\t\t\t<\/a>\n\t\t\t\t<a href=\"https:\/\/www.crislermusic.com\/wp-content\/uploads\/2022\/11\/IMG-20221119-WA0018.jpg\" target=\"_self\" itemprop=\"url\" rel=\"noopener\">\n\t\t\t\t<img loading=\"lazy\" decoding=\"async\" src=\"https:\/\/www.crislermusic.com\/wp-content\/uploads\/2022\/11\/IMG-20221119-WA0018.jpg\" alt=\"IMG-20221119-WA0018\" itemprop=\"image\" height=\"853\" width=\"1280\" title=\"IMG-20221119-WA0018\" onerror=\"this.style.display='none'\"  \/>\n\t\t\t\t<\/a>\n\t\t\t\t<a href=\"https:\/\/www.crislermusic.com\/wp-content\/uploads\/2022\/11\/IMG-20221119-WA0020.jpg\" target=\"_self\" itemprop=\"url\" rel=\"noopener\">\n\t\t\t\t<img loading=\"lazy\" decoding=\"async\" src=\"https:\/\/www.crislermusic.com\/wp-content\/uploads\/2022\/11\/IMG-20221119-WA0020.jpg\" alt=\"IMG-20221119-WA0020\" itemprop=\"image\" height=\"768\" width=\"1024\" title=\"IMG-20221119-WA0020\" onerror=\"this.style.display='none'\"  \/>\n\t\t\t\t<\/a>\n\t\t\t\t<a href=\"https:\/\/www.crislermusic.com\/wp-content\/uploads\/2022\/11\/IMG-20221119-WA0003.jpg\" target=\"_self\" itemprop=\"url\" rel=\"noopener\">\n\t\t\t\t<img loading=\"lazy\" decoding=\"async\" src=\"https:\/\/www.crislermusic.com\/wp-content\/uploads\/2022\/11\/IMG-20221119-WA0003.jpg\" alt=\"IMG-20221119-WA0003\" itemprop=\"image\" height=\"1280\" width=\"853\" title=\"IMG-20221119-WA0003\" onerror=\"this.style.display='none'\"  \/>\n\t\t\t\t<\/a>\n\t\t\t\t<a href=\"https:\/\/www.crislermusic.com\/wp-content\/uploads\/2022\/11\/IMG-20221119-WA0005.jpg\" target=\"_self\" itemprop=\"url\" rel=\"noopener\">\n\t\t\t\t<img loading=\"lazy\" decoding=\"async\" src=\"https:\/\/www.crislermusic.com\/wp-content\/uploads\/2022\/11\/IMG-20221119-WA0005.jpg\" alt=\"IMG-20221119-WA0005\" itemprop=\"image\" height=\"2048\" width=\"1536\" title=\"IMG-20221119-WA0005\" onerror=\"this.style.display='none'\"  \/>\n\t\t\t\t<\/a>\n\t\t\t\t<a href=\"https:\/\/www.crislermusic.com\/wp-content\/uploads\/2022\/11\/315936413_559428266190278_3201588340026747924_n.jpg\" target=\"_self\" itemprop=\"url\" rel=\"noopener\">\n\t\t\t\t<img loading=\"lazy\" decoding=\"async\" src=\"https:\/\/www.crislermusic.com\/wp-content\/uploads\/2022\/11\/315936413_559428266190278_3201588340026747924_n.jpg\" alt=\"315936413_559428266190278_3201588340026747924_n\" itemprop=\"image\" height=\"2048\" width=\"1365\" title=\"315936413_559428266190278_3201588340026747924_n\" onerror=\"this.style.display='none'\"  \/>\n\t\t\t\t<\/a>\n\t<p><strong>Significativa la presenza del cinema europeo alla 44ma edizione del Cairo International Film Festival<\/strong><\/p>\n<p>Il giorno 17 novembre, saranno tra gli ospiti della kermesse anche il produttore <strong>Kevin Ferri<\/strong> e il compositore <strong>Marco Werba<\/strong>, autore della colonna sonora del film in concorso &#8220;<strong>L&#8217;Ile du Pardon<\/strong>&#8220;<\/p>\n<p>Significativa la presenza del cinema europeo alla 44ma edizione del Cairo International Film Festival (CIFF), che prender\u00e0 il via dal 13 novembre fino al 22 novembre 2022. Lanciato nel 1976, il prestigioso raduno egiziano si svolge ogni anno al Cairo nel mese di novembre, ed \u00e8 il primo festival di cinema internazionale organizzato in un paese arabo. Il giorno 17 novembre sar\u00e0 tra gli ospiti della kermesse anche il compositore <strong>Marco Werba<\/strong>, poich\u00e9 autore della colonna sonora del film in concorso &#8220;L&#8217;Ile du Pardon&#8221; (titolo italiano &#8220;L&#8217;Isola del Perdono&#8221;), diretto dal regista <strong>Ridha Behi<\/strong>, che vede tra gli interpreti <strong>Claudia Cardinale<\/strong>, <strong>Paola Lavini<\/strong> e <strong>Katia Greco<\/strong>. La parte musicale firmata dal M\u00b0<strong> Werba<\/strong> e prodotta da <strong>Kevin Ferri<\/strong> per <strong>Soul Trade Music Publishing Group<\/strong>, \u00e8 stata registrata a Londra, con le recording sessions che si sono svolte presso i prestigiosi <strong>Angel Studios<\/strong> situati in Upper Street, coordinati da <strong>Jojo Arvanitis<\/strong> (Orchestra contractor) e da <strong>Dom Domalos Kelly<\/strong> (Score coordinator). Il Cairo International Film Festival (CIFF) \u00e8 uno dei 15 festival riconosciuti come di categoria &#8220;A&#8221;, accreditato dalla federazione internazionale delle associazioni di produttori cinematografici. Come scopo istituzionale mira a contribuire allo sviluppo dell&#8217;arte e della tecnica del cinema, e ad incoraggiare il dialogo interculturale. Nella competizione internazionale di quest&#8217;anno, ancora una volta, la presenza europea nella categoria principale sar\u00e0 fortissima: ben 9 films in concorso sono produzioni o coproduzioni europee, tra cui alcune world premi\u00e8res. Tra le novit\u00e0 in anteprima, figura proprio anche &#8220;<strong>L&#8217;Ile du Pardon<\/strong>&#8221; di <strong>Ridha Behi<\/strong> (Tunisia\/Libano\/USA). <strong>Marco Werba<\/strong> finora ha gi\u00e0 vinto, per le musiche di questo film, il premio <strong>Colosseo d&#8217;Oro<\/strong>. Altissima, infatti, la qualit\u00e0 di questa colonna sonora, con l&#8217;eccellente performance della &#8220;<strong>English Session Orchestra&#8221;<\/strong>. La canzone del film, infine, \u00e8 stata eseguita da <strong>Ellen Williams<\/strong>, che ha anche scritto il testo in inglese. Il leitmotiv del film conferma la grande vena melodica di <strong>Marco Werba<\/strong>, al secolo <strong>Marc Adam Werblowsky<\/strong>, che ricordiamo essere nato a Madrid, con alle spalle studi classici in Francia, in America e in Italia, esattamente a Roma, dove attualmente vive. Trattasi di un musicista e direttore d&#8217;orchestra noto ed apprezzato nell&#8217;ambiente cinematografico, dal background completo e dalla raffinata e colta sensibilit\u00e0 artistica. Al suo attivo, titoli cinematografici di spessore quali <strong>Zoo<\/strong>, <strong>Anita<\/strong>, <strong>Giallo<\/strong>, <strong>Amore e libert\u00e0<\/strong> &#8211; <strong>Masaniello<\/strong>, <strong>Il delitto Mattarella<\/strong>, <strong>Seguimi<\/strong> e <strong>Pop Black<\/strong> <strong>Posta<\/strong> e <strong>La Grande Guerra del Salento<\/strong>.<\/p>\n<p><em>Di\u00a0<strong>Ivan Rota<\/strong><\/em><\/p>\n\t<p><strong>MARCO WERBA AND THE ISLAND OF FORGIVENESS<\/strong><\/p>\n<p>Back in June of this year I was privileged to attend the recording session for the Ridha Behi movie <strong><em>Island of Forgiveness<\/em><\/strong>, which is produced by Ziad Hamzeh and has an incredible score composed by Maestro Marco Werba. The music was recorded at The Angel Studios in London, which are now part of the famous Abbey Road studios. It was one of the most enlightening and enjoyable days I have ever spent in a recording studio. The film is a Watching the composer work and listening to members of the English session Orchestra perform the composers haunting and absorbing music is something I will never forget. It was also a special day as the atmosphere was in a word joyous, with the composer&#8217;s team being warm, friendly, and accommodating, at times sharing jokes and stories as the recording session progressed. The recording engineer was\u00a0<strong><em>Marco Streccioni<\/em><\/strong>\u00a0who has worked on so many famous soundtracks in his career assisted by\u00a0<strong><em>Gabriele Conti<\/em><\/strong>. I thought I would post this to remind collectors of this soundtrack and its up-and-coming release.<\/p>\n<p>The score is in my opinion one of the most beautiful that I have heard in a long while, the composer writing lyrical and sensitive tone poems that not only support and enhance the films mesmerizing storyline but add depth and poignancy to the powerful storyline whilst elevating and supporting the many emotions and scenarios that were being played out on screen. The film stars Claudia Cardinale, Paola Lavini, and Katia Greco, and tells the story of Andrea Licari, a Tunisian of Italian descent who has now reached his 60th year, and has become an accomplished author, college professor and a leading thinker in Rome. It focuses upon internal and external pressures that he is experiencing, including his failing health and takes him back to Djerba, T\u00fanis his place of birth. The task of fulfilling his mother&#8217;s wish to bring her ashes back to her estranged birthplace is filled with numerous tough memories that he has to overcome whilst there. Andrea must face his demons in order to find inner solace which will also allow him to forgive those who haunted his entire existence and eventually himself.<\/p>\n<p>The soundtrack has not yet been released but the composer sent me the music to review for Movie Music International. It is a soundtrack of ample qualities; I think it can be described as a score that is written in a more classical and traditional style using real players and having gracious and affecting thematic properties. It is romantic, tragic, dramatic and above all entertaining and effective both within the movie and away from it. The seven-note motif that introduces\u00a0<strong><em>Rosa&#8217;s Song<\/em><\/strong>\u00a0immediately alerts the listener to something that is special and rewarding. This is a theme that can be heard throughout the score with the composer introducing it in various arrangements and guises. The vocal version of the theme is performed by Welsh singer Ellen Williams, who also wrote the beguiling lyrics.<\/p>\n<p><strong><em>Gaetano&#8217;s Death<\/em><\/strong><\/p>\n<p>Miss Williams performs two versions of the song on the recording adding her soaring and mesmeric voice to the cue entitled\u00a0<strong><em>Gaetano&#8217;s Death<\/em><\/strong>, which evoked memories of the performances of the great Edda Dell Orso, Miss Williams voice adding power to the composition. The core theme is given a sorrowful and highly emotive rendition in track number three\u00a0<strong><em>The Sea\/Attempted Rape,<\/em><\/strong>\u00a0the composer employing cello to great effect giving the already impressive theme even more depth and power. The score also contains\u00a0<strong><em>Waltz in E Minor<\/em><\/strong>\u00a0which is a variation of\u00a0<strong><em>Rosa&#8217;s Song<\/em><\/strong>\u00a0the composer very cleverly introducing this as a kind of secondary theme for the score.<\/p>\n<p><strong><em>The Bird and the Train<\/em><\/strong><\/p>\n<p>is also an impressive cue, it begins in a triumphant style with strings that are evocative of the style of composer Georges Delerue, but this mood alters, and we are taken once again to\u00a0<strong><em>Rosa&#8217;s Song\u00a0<\/em><\/strong>performed by cello which again is short lived by affecting.<\/p>\nThe following track\u00a0<strong><em>Zigo Meets Rosa\/ Gaetano asks for forgiveness<\/em><\/strong>, contains a version of the central theme performed beautifully by guitarist Riccardo Rocchi who recorded his contributions to the score in Rome. Rocchi also performs on other cues within the score adding a calming and romantic feel to the work.<br \/>\nThe soundtrack also contains contributions from composer Bruno di Stefano, who wrote the additional music for the movie, which total five tracks on the recording. But it is Marco Werba who is the main composer and provides the movie with a score that is filled with so many emotions, the music sensitively ingratiates the images and underlines the unfolding storyline. The composer adds colour, texture and drama to an already highly charged piece of cinema. There is a\u00a0<strong><em>Military Theme\u00a0<\/em><\/strong>within the score which is so effective, as it gradually builds from martial sounding drums underlined by strings and incorporating elements of\u00a0<strong><em>La Marseillaise<\/em><\/strong>\u00a0(French National Anthem), it never overpowers but makes its mark and establishes itself swiftly.\u00a0<strong><em>Rosa&#8217;s Song<\/em><\/strong>\u00a0is the foundation of the score and there is a particularly striking rendition of it in track number fourteen purveyed by guitar and strings. I cannot recommend this score enough, it has grace, melody, charm, romance, and a rich and vibrant thematic content, it oozes a luxurious persona, that will invade your mind and capture your heart.<br \/>\nAs I have said it is not yet released but will be available later from the Soul Trade music publishing group label. .The score was conducted by both Marco Werba and the composer&#8217;s assistant Michele Catania. With orchestration by Marco Werba and , Michele who also played mandolin on the soundtrack. this is a stunning and heartrending soundtrack.<br \/>\n<strong><em>Jon Mansell<\/em><\/strong>\n\t\t\t\t<a href=\"https:\/\/www.crislermusic.com\/wp-content\/uploads\/2022\/11\/COPERTINA-FRONTE_2.jpg\" target=\"_self\" itemprop=\"url\" rel=\"noopener\">\n\t\t\t\t<img loading=\"lazy\" decoding=\"async\" src=\"https:\/\/www.crislermusic.com\/wp-content\/uploads\/2022\/11\/COPERTINA-FRONTE_2.jpg\" alt=\"COPERTINA FRONTE_2\" itemprop=\"image\" height=\"1488\" width=\"1488\" title=\"COPERTINA FRONTE_2\" onerror=\"this.style.display='none'\"  \/>\n\t\t\t\t<\/a>\n\t\t\t\t<a href=\"https:\/\/www.crislermusic.com\/wp-content\/uploads\/2022\/11\/CD-ETICHETTA.jpg\" target=\"_self\" itemprop=\"url\" rel=\"noopener\">\n\t\t\t\t<img loading=\"lazy\" decoding=\"async\" src=\"https:\/\/www.crislermusic.com\/wp-content\/uploads\/2022\/11\/CD-ETICHETTA.jpg\" alt=\"CD ETICHETTA\" itemprop=\"image\" height=\"1417\" width=\"1416\" title=\"CD ETICHETTA\" onerror=\"this.style.display='none'\"  \/>\n\t\t\t\t<\/a>\n\t\t\t\t<a href=\"https:\/\/www.crislermusic.com\/wp-content\/uploads\/2022\/11\/COPERTINA-FRONTE_3.jpg\" target=\"_self\" itemprop=\"url\" rel=\"noopener\">\n\t\t\t\t<img loading=\"lazy\" decoding=\"async\" src=\"https:\/\/www.crislermusic.com\/wp-content\/uploads\/2022\/11\/COPERTINA-FRONTE_3.jpg\" alt=\"COPERTINA FRONTE_3\" itemprop=\"image\" height=\"1476\" width=\"1476\" title=\"COPERTINA FRONTE_3\" onerror=\"this.style.display='none'\"  \/>\n\t\t\t\t<\/a>\n\t<p>____________________________________________________<\/p>\n\t<p><strong>LA GRANDE GUERRA DEL SALENTO<\/strong><\/p>\n<p>un film di<\/p>\n<p><strong>Marco Pollini<\/strong><\/p>\n<p>Tratto dal libro <em>La Grande Guerra<\/em> <em>del Salento<\/em><\/p>\n<p>di <em>Bruno Contini.<\/em><\/p>\n\t\t\t\t<a href=\"https:\/\/www.crislermusic.com\/wp-content\/uploads\/2022\/05\/poster-mic_page-0001-1-scaled.jpg\" target=\"_self\" itemprop=\"url\" rel=\"noopener\">\n\t\t\t\t<img loading=\"lazy\" decoding=\"async\" src=\"https:\/\/www.crislermusic.com\/wp-content\/uploads\/2022\/05\/poster-mic_page-0001-1-scaled.jpg\" alt=\"LA GRANDE GUERRA DEL SALENTO\n\" itemprop=\"image\" height=\"2560\" width=\"1792\" title=\"poster-mic_page-0001-1\" onerror=\"this.style.display='none'\"  \/>\n\t\t\t\t<\/a>\n\t<p>____________________________________________________<\/p>\n\t\t\t\t<a href=\"https:\/\/www.crislermusic.com\/index.php\/downloads\/lomas-lucciola-lunatica\/\" target=\"_blank\" rel=\"noopener\" itemprop=\"url\">\n\t\t\t\t<img loading=\"lazy\" decoding=\"async\" src=\"https:\/\/www.crislermusic.com\/wp-content\/uploads\/2021\/12\/copertina-lomas_500pxl.jpg\" alt=\"Lucciola Lunatica il nuovo singolo di Lomas\" itemprop=\"image\" height=\"500\" width=\"500\" title=\"copertina lomas_500pxl\" onerror=\"this.style.display='none'\"  \/>\n\t\t\t\t<\/a>\n\t\tLOMAS &#8211; LUCCIOLA LUNATICA\n\t<p>Lucciola Lunatica nasce in pieno Lockdown nell&#8217;aprile 2020, avevo una fidanzata che di nascosto, voleva stare accanto a me in questo periodo difficile.<\/p>\n<p>Non potendosi spostare per le restrizioni in atto, una sera venne a trovarmi per condividere l&#8217;emozione di quella storia d&#8217;amore.<\/p>\n\t<p>Caduta la favola, con la chitarra in mano, nacque LUCCIOLA LUNATICA.<\/p>\n<p>L&#8217;emblema ideale di un rapporto, costruito dall&#8217;innamoramento, all&#8217;accettazione.<\/p>\n<p>L&#8217;illusione di una storia d&#8217;amore che molto spesso finisce, come \u00e8 accaduto tra noi e come \u00e8 scritto nel testo della canzone:<\/p>\n<p><strong>&#8220;Nelle notti senza musica la mia Lucciola \u00e8 Lunatica, cercava me&#8230;&#8221;<\/strong><\/p>\n\t<p>____________________________________________________<\/p>\n\t\t\t\t<a href=\"https:\/\/www.crislermusic.com\/index.php\/prodotto\/francesco-salvi-tutti-salvi-per-natale\/\" target=\"_blank\" rel=\"noopener\" itemprop=\"url\">\n\t\t\t\t<img loading=\"lazy\" decoding=\"async\" src=\"https:\/\/www.crislermusic.com\/wp-content\/uploads\/edd\/2020\/12\/Francesco-Salvi-Tutti-Salvi-x-Natale_500pxl.jpg\" alt=\"FRANCESCO SALVI - TUTI SALVI X NATALE\" itemprop=\"image\" height=\"500\" width=\"500\" title=\"Francesco Salvi - Tutti Salvi x Natale_500pxl\" onerror=\"this.style.display='none'\"  \/>\n\t\t\t\t<\/a>\n\t\tFRANCESCO SALVI &#8211; TUTI SALVI X NATALE\n\t<iframe loading=\"lazy\" width=\"420\" height=\"433\" src=\"https:\/\/www.youtube.com\/embed\/qUyFAPpNDl8\" title=\"CLIP SALVI TUTTI SALVI X NATALE\" frameborder=\"0\" allow=\"accelerometer; autoplay; clipboard-write; encrypted-media; gyroscope; picture-in-picture\" allowfullscreen><\/iframe>\n\n","protected":false},"excerpt":{"rendered":"<p>&#8220;L&#8217;isola del perdono&#8221; film presentato\u00a0alla\u00a044ma edizione del Cairo International Film Festival 2022 Significativa la presenza del cinema europeo alla 44ma edizione del Cairo International Film Festival Il giorno 17 novembre, saranno tra gli ospiti della kermesse anche il produttore Kevin Ferri e il compositore Marco Werba, autore della colonna sonora&#8230; <a class=\"continue-reading-link\" href=\"https:\/\/www.crislermusic.com\/index.php\/news\/\">Continue reading<\/a><\/p>\n<p> <a class=\"continue-reading-link\" href=\"https:\/\/www.crislermusic.com\/index.php\/news\/\">Continue reading<\/a><\/p>\n","protected":false},"author":1,"featured_media":0,"parent":0,"menu_order":0,"comment_status":"closed","ping_status":"closed","template":"","meta":{"footnotes":""},"_links":{"self":[{"href":"https:\/\/www.crislermusic.com\/index.php\/wp-json\/wp\/v2\/pages\/61"}],"collection":[{"href":"https:\/\/www.crislermusic.com\/index.php\/wp-json\/wp\/v2\/pages"}],"about":[{"href":"https:\/\/www.crislermusic.com\/index.php\/wp-json\/wp\/v2\/types\/page"}],"author":[{"embeddable":true,"href":"https:\/\/www.crislermusic.com\/index.php\/wp-json\/wp\/v2\/users\/1"}],"replies":[{"embeddable":true,"href":"https:\/\/www.crislermusic.com\/index.php\/wp-json\/wp\/v2\/comments?post=61"}],"version-history":[{"count":24,"href":"https:\/\/www.crislermusic.com\/index.php\/wp-json\/wp\/v2\/pages\/61\/revisions"}],"predecessor-version":[{"id":5300,"href":"https:\/\/www.crislermusic.com\/index.php\/wp-json\/wp\/v2\/pages\/61\/revisions\/5300"}],"wp:attachment":[{"href":"https:\/\/www.crislermusic.com\/index.php\/wp-json\/wp\/v2\/media?parent=61"}],"curies":[{"name":"wp","href":"https:\/\/api.w.org\/{rel}","templated":true}]}}