{"id":23,"date":"2020-10-14T12:23:31","date_gmt":"2020-10-14T10:23:31","guid":{"rendered":"http:\/\/www.crislermusic.com\/?page_id=23"},"modified":"2021-12-16T15:12:22","modified_gmt":"2021-12-16T14:12:22","slug":"chi-siamo","status":"publish","type":"page","link":"https:\/\/www.crislermusic.com\/index.php\/chi-siamo\/","title":{"rendered":"CHI SIAMO"},"content":{"rendered":"\n<img loading=\"lazy\" decoding=\"async\" src=\"https:\/\/www.crislermusic.com\/wp-content\/uploads\/2020\/10\/BANNER-HEADER.jpg\" alt=\"BANNER HEADER\" itemprop=\"image\" height=\"120\" width=\"1200\" title=\"BANNER HEADER\" onerror=\"this.style.display='none'\">\n<h2>\n\t\tGLI ANNI D&#8217;ORO DELLA MUSICA ITALIANA\n\t<\/h2>\n\t<p>&nbsp;<\/p>\n<p>Nei mitici anni &#8217;60, Christine Leroux approd\u00f2 in Italia e fond\u00f2 la Crisler Music. Christine Leroux fu la prima editrice a collaborare ed a portare al successo Lucio Battisti.<\/p>\n<p>Negli anni &#8217;80 Romolo Ferri, grazie al suo geniale intuito e con la preziosa collaborazione di Rosaria Tranquillo, decise di acquistare la Crisler Music, ampliando sempre di pi\u00f9 il suo repertorio con il lancio di nuovi talenti e con la produzione di artisti italiani e internazionali.<\/p>\n<p>Il suo sviluppo \u00e8 stato folgorante divenendo in breve parte integrante di un gruppo leader (Crisler Music Publishing, Pull Music Publishing e Soul Trade Music Publishing Group) nel loro settore, tra storiche e gloriose etichette indipendenti.<\/p>\n<p>Nel corso degli anni il nostro gruppo \u00e8 stato insignito di numerosi dischi d&#8217;oro.<\/p>\n<p>Tra le pi\u00f9 importanti produzioni discografiche italiane si possono annoverare: Nicola Di Bari, Severino Gazzelloni, Mia Martini, Katia Ricciarelli, Eugenio Finardi, Marcella Bella, Gianni Bella, Raffaella Carr\u00e0, Donatella Rettore, Ivana Spagna, Fiordaliso, Loredana Bert\u00e8, Giuseppe Di Stefano, Jos\u00e9 Carreras, Cugini di campagna, I Ricchi e&nbsp; Poveri, Pupo, Franco Simone, Le Orme, Pino D&#8217;Angi\u00f2, Pierangelo Bertoli e molti altri artisti.<\/p>\n<p>Per quanto concerne il mercato estero, abbiamo avuto l&#8217;onore di collaborare con:<\/p>\n<p>Dionne Warwick, Gino Vannelli, Randy Crawford, Bryan Adams, Tony Adley, Dominic Miller, Ronnie Jones, Patti Austin, Billy Cobham, Billy Preston, Queen, Buddy Miles, Gipsy Kings, Brian Auger, Chaka Khan, Eumir Deodato, Al Jarreau, Rick Wakeman, Stanley Jordan e molti altri.<\/p>\n<p>Il nostro gruppo ha avuto il piacere di collaborare per pi\u00f9 di un decennio all&#8217;organizzazione del concerto di Natale presso il Vaticano e fra le varie composizioni musicali possiamo vantare la Sinfonia della Croce, opera unica al mondo, dedicata a Papa Giovanni Paolo II.<\/p>\n<p>Inoltre, il gruppo ha partecipato alla realizzazione di importanti lavori in campo cinematografico.<\/p>\n<p>Rodolfo Matulich rappresenta uno dei nostri pi\u00f9 premiati compositori, egli ha realizzato numerose colonne sonore presenti in film di successo, quali: Scarlett, Russian Beauty, The Big Jump, Nuns e Paradise Valley.<\/p>\n<p>Alcune collaborazioni cinematografiche sono avvenute con personaggi del calibro di Raffaele Rinciari e Giovanna Bruschi.<\/p>\n<p>Quest&#8217;ultimo film ( Paradise Valley) verr\u00e0 presentato alla 72\u00aa edizione del festival di Cannes in anteprima, per poi essere distribuito in tutto il mondo.<\/p>\n<p>Nel corso degli anni abbiamo accumulato un&#8217;esperienza tale da renderci di fatto la casa discografica &#8211; editoriale italiana tra le pi\u00f9 attive sul mercato.<\/p>\n<p>Tutt&#8217;oggi siamo impegnati nella ricerca di nuovi talenti sia italiani che stranieri, con l&#8217;obiettivo di realizzare nuovi interessanti progetti artistici.<\/p>\n<p>&nbsp;<\/p>\n<p>&nbsp;<\/p>\n<p>Sede: Via Boccaccio, 54 &#8211; 20090 Trezzano sul Naviglio (MI)<\/p>\n<p>Tel. 02\/48402060 &#8211; 02\/48400907 &#8211; Fax: 02\/48400907<\/p>\n<p>E-Mail: info@crislermusic.com<\/p>\n\t\t\t\t<img loading=\"lazy\" decoding=\"async\" src=\"https:\/\/www.crislermusic.com\/wp-content\/uploads\/2020\/12\/cutrosy.jpg\" alt=\"cutrosy\" itemprop=\"image\" height=\"784\" width=\"466\" title=\"cutrosy\" onerror=\"this.style.display='none'\">\n\t<p>Rosaria e Romolo<\/p>\n\t\t\t\t<img loading=\"lazy\" decoding=\"async\" src=\"https:\/\/www.crislermusic.com\/wp-content\/uploads\/2020\/12\/kevin-cut.jpg\" alt=\"kevin cut\" itemprop=\"image\" height=\"1027\" width=\"716\" title=\"kevin cut\" onerror=\"this.style.display='none'\">\n\t<p>Kevin<\/p>\n\t\t\t\t<img loading=\"lazy\" decoding=\"async\" src=\"https:\/\/www.crislermusic.com\/wp-content\/uploads\/2020\/12\/WhatsApp-Image-2020-01-15-at-13.13_edited.jpg\" alt=\"WhatsApp Image 2020-01-15 at 13.13_edited\" itemprop=\"image\" height=\"1600\" width=\"1081\" title=\"WhatsApp Image 2020-01-15 at 13.13_edited\" onerror=\"this.style.display='none'\">\n\t<p>Trisha<\/p>\n","protected":false},"excerpt":{"rendered":"<p>GLI ANNI D&#8217;ORO DELLA MUSICA ITALIANA &nbsp; Nei mitici anni &#8217;60, Christine Leroux approd\u00f2 in Italia e fond\u00f2 la Crisler Music. Christine Leroux fu la prima editrice a collaborare ed a portare al successo Lucio Battisti. Negli anni &#8217;80 Romolo Ferri, grazie al suo geniale intuito e con la preziosa&#8230; <a class=\"continue-reading-link\" href=\"https:\/\/www.crislermusic.com\/index.php\/chi-siamo\/\">Continue reading<\/a><\/p>\n<p> <a class=\"continue-reading-link\" href=\"https:\/\/www.crislermusic.com\/index.php\/chi-siamo\/\">Continue reading<\/a><\/p>\n","protected":false},"author":1,"featured_media":0,"parent":0,"menu_order":0,"comment_status":"closed","ping_status":"closed","template":"","meta":{"footnotes":""},"_links":{"self":[{"href":"https:\/\/www.crislermusic.com\/index.php\/wp-json\/wp\/v2\/pages\/23"}],"collection":[{"href":"https:\/\/www.crislermusic.com\/index.php\/wp-json\/wp\/v2\/pages"}],"about":[{"href":"https:\/\/www.crislermusic.com\/index.php\/wp-json\/wp\/v2\/types\/page"}],"author":[{"embeddable":true,"href":"https:\/\/www.crislermusic.com\/index.php\/wp-json\/wp\/v2\/users\/1"}],"replies":[{"embeddable":true,"href":"https:\/\/www.crislermusic.com\/index.php\/wp-json\/wp\/v2\/comments?post=23"}],"version-history":[{"count":12,"href":"https:\/\/www.crislermusic.com\/index.php\/wp-json\/wp\/v2\/pages\/23\/revisions"}],"predecessor-version":[{"id":4605,"href":"https:\/\/www.crislermusic.com\/index.php\/wp-json\/wp\/v2\/pages\/23\/revisions\/4605"}],"wp:attachment":[{"href":"https:\/\/www.crislermusic.com\/index.php\/wp-json\/wp\/v2\/media?parent=23"}],"curies":[{"name":"wp","href":"https:\/\/api.w.org\/{rel}","templated":true}]}}